{"id":3255,"date":"2023-09-26T12:44:53","date_gmt":"2023-09-26T10:44:53","guid":{"rendered":"https:\/\/lkengines.com\/?page_id=3255"},"modified":"2023-09-26T12:48:17","modified_gmt":"2023-09-26T10:48:17","slug":"privacy-policy","status":"publish","type":"page","link":"https:\/\/lkengines.com\/en\/privacy-policy\/","title":{"rendered":"Privacy Policy"},"content":{"rendered":"<div data-elementor-type=\"wp-page\" data-elementor-id=\"3255\" class=\"elementor elementor-3255\">\n\t\t\t\t<div class=\"elementor-element elementor-element-9b0e923 e-flex e-con-boxed e-con e-parent\" data-id=\"9b0e923\" data-element_type=\"container\" data-e-type=\"container\">\r\n\t\t\t\t\t<div class=\"e-con-inner\">\r\n\t\t\t\t<div class=\"elementor-element elementor-element-5d634a2 elementor-widget elementor-widget-text-editor\" data-id=\"5d634a2\" data-element_type=\"widget\" data-e-type=\"widget\" data-widget_type=\"text-editor.default\">\n\t\t\t\t<div class=\"elementor-widget-container\">\n\t\t\t\t\t\t\t\t\t<p><strong>Privacy Policy<\/strong><\/p><p>Informativa ai sensi dell\u2019articolo 13 del Reg. 2016\/679\/UE in materia di trattamento dei dati personali (c.d. \u201cGDPR\u201d)<\/p><p>La seguente informativa riguarda il trattamento dei dati da parte della Lenzokart srl sui siti <a href=\"https:\/\/lkengines.com\/en\/\">https:\/\/lkengines.com\/ <\/a>altri siti web e servizi di propriet\u00e0.<\/p><ol><li><strong>Trattamento<\/strong>\u00a0<strong>dei<\/strong>\u00a0<strong>dati<\/strong>\u00a0<strong>personali<\/strong><\/li><\/ol><p>Per \u201ctrattamento di dati personali\u201d si intende qualsiasi operazione o insieme di operazioni, compiute con o senza l\u2019ausilio di processi automatizzati e applicate a dati personali o insiemi di dati personali, anche se non registrati in una banca di dati, come la raccolta, la registrazione, l\u2019organizzazione, la strutturazione, la conservazione, l\u2019elaborazione, la selezione, il blocco, l\u2019adattamento o la modifica, l\u2019estrazione, la consultazione, l\u2019uso, la comunicazione mediante trasmissione, la diffusione o qualsiasi altra forma di messa a disposizione, il raffronto o l\u2019interconnessione, la limitazione, la cancellazione o la distruzione.<\/p><p>Lenzokart s.r.l., manifesta la pi\u00f9 alta attenzione nei confronti della protezione dei dati personali avendo adottato misure adeguate e necessarie alla tutela dei dati ed alla conservazione degli stessi in virt\u00f9 dell\u2019applicazione della disciplina nazionale ed europea di riferimento ed avendo esaminato ogni rischio connesso alle attivit\u00e0 sopra richiamate.<\/p><p>L\u2019accesso ad alcune sezioni del sito e\/o eventuali richieste di informazioni o di servizi da parte degli utenti del sito potranno essere subordinati all\u2019inserimento di dati personali il cui trattamento, avverr\u00e0 nel rispetto del Regolamento generale sulla protezione dei dati (Regolamento UE 2016\/679) e della normativa nazionale vigente.<\/p><p>La presente informativa ha lo scopo di consentite agli utenti di conoscere, anche prima di accedere alle varie sezioni del sito e di conferire i propri dati, in che modo Lenzokart Srl tratta i dati personali degli utenti e sar\u00e0 comunque necessario che l\u2019utente ne prenda visione prima di conferire propri dati personali compilando gli appositi spazi nelle varie sezioni del sito, fornendo il consenso al trattamento dei dati.<\/p><p>Il trattamento verr\u00e0 svolto in via manuale e in via elettronica o comunque con l\u2019ausilio di strumenti informatizzati o automatizzati.<\/p><p>Secondo le norme del Codice e del Regolamento, i trattamenti effettuati dal Titolare saranno improntati ai principi di correttezza, liceit\u00e0 e trasparenza e di tutela della riservatezza.<\/p><ol start=\"2\"><li><strong>Oggetto del trattamento e modalit\u00e0 di raccolta<\/strong><\/li><\/ol><p>Il Titolare tratta i dati personali, identificativi (ad esempio, nome, cognome, indirizzo, codice fiscale, telefono, e-mail, riferimento bancari e di pagamento) \u2013 in seguito, \u201cdati personali\u201d od anche \u201cdati\u201d comunicati dall\u2019Interessato in occasione della conclusione del contratto per i servizi offerti dal Titolare medesimo.<\/p><p>I dati personali oggetto di trattamento sono stati raccolti direttamente dall\u2019Interessato.<\/p><p>Oltre ai dati personali conferiti direttamente dall\u2019utente, in fase di connessione al sito i sistemi informatici e le procedure software preposte al funzionamento del sito stesso acquisiscono indirettamente alcuni dati personali la cui trasmissione \u00e8 implicita nell\u2019uso dei protocolli di comunicazione di internet.<\/p><ol start=\"3\"><li><strong>Finalit\u00e0 del trattamento e basi giuridiche<\/strong><\/li><\/ol><p>Il conferimento dei dati \u00e8 facoltativo, ma esso \u00e8, in parte, necessario (cio\u00e8 per quei dati le cui caselle sono contraddistinte da un asterisco) affinch\u00e9 Lenzokart s.r.l., possa soddisfare le esigenze dell\u2019utente nell\u2019ambito delle funzionalit\u00e0 del sito.<\/p><p>Il mancato, parziale, inesatto conferimento dei dati personali contrassegnati da un asterisco, in quanto necessari per l\u2019esecuzione della prestazione richiesta, non rende possibile tale esecuzione; mentre il mancato, parziale, inesatto conferimento dei dati personali facoltativi non necessari non comporta alcuna conseguenza.<\/p><p>I dati personali saranno trattati dal Titolare in via primaria esclusivamente per finalit\u00e0 strettamente connesse e strumentali all\u2019adempimento delle obbligazioni inerenti al rapporto contrattuale, delle obbligazioni precontrattuali e fiscali e degli adempimenti di obblighi previsti dalla normativa vigente ed, in particolare:<\/p><p>a) per concludere i contratti per i servizi offerti dal Titolare;<\/p><p>b) adempiere agli obblighi precontrattuali, contrattuali e fiscali derivanti da rapporti in essere con l\u2019Interessato;<\/p><p>c) per la gestione di incassi\/pagamenti;<\/p><p>d) per adempiere agli obblighi previsti dalle norme di legge civilistiche e\/o fiscali;<\/p><p>e) per adempiere agli obblighi previsti da un regolamento, sia a carattere nazionale che internazionale, dalla normativa comunitaria o da un ordine dell\u2019Autorit\u00e0 (come ad esempio in materia di antiriciclaggio);<\/p><p>f) per esercitare i diritti del Titolare, ad esempio, il diritto di difesa in giudizio.<\/p><p><u>Accesso, comunicazione e diffusione dei dati personali per il perseguimento delle finalit\u00e0 primarie del trattamento<\/u>.<\/p><p>In tutti i casi sopra illustrati per il perseguimento delle finalit\u00e0 primarie i dati dell\u2019Interessato potranno essere resi accessibili e portati a conoscenza di:<\/p><ul><li>dipendenti, lavoratori e consulenti interni incaricati di adempimenti amministrativi, segretariali, tecnici o di altro tipo e collaboratori del Titolare, i quali, operando sotto la diretta autorit\u00e0 di quest\u2019ultimo, sono stati nominati incaricati del trattamento e hanno ricevuto, al riguardo, adeguate istruzioni operative;<\/li><li>societ\u00e0 terze o altri soggetti (a titolo indicativo: studi professionali, consulenti incaricati dello svolgimento di attivit\u00e0 legali e\/o fiscali, a soggetti che svolgono attivit\u00e0 di elaborazione dati e\/o tenuta della contabilit\u00e0 ed adempimenti conseguenti per conto del Titolare) che svolgono attivit\u00e0 per conto del Titolare, nella qualit\u00e0 di responsabili esterni del trattamento e che, a loro volta, hanno impartito, al riguardo, adeguate istruzioni operative nei confronti dei loro dipendenti e responsabili.<\/li><\/ul><p>Il Titolare potr\u00e0, altres\u00ec, comunicare i dati personali all\u2019esterno ai seguenti terzi cui la comunicazione sia necessaria per l\u2019adempimento del contratto e delle obbligazioni dal medesimo scaturenti, delle obbligazioni precontrattuali e fiscali e, pi\u00f9 in generale, per gli adempimenti di obblighi previsti dalla normativa vigente.<\/p><p>In tale ottica i dati personali potranno essere comunicati dal Titolare ai soggetti di seguito indicati:<\/p><ul><li>all\u2019autorit\u00e0 giudiziaria e di polizia o ad altre amministrazioni pubbliche per l\u2019adempimento di obblighi normativi;<\/li><li>agli Istituti di Credito per la gestione di incassi e pagamenti;<\/li><li>a societ\u00e0 che svolgono attivit\u00e0 di gestione e manutenzione degli apparati di comunicazione elettronica;<\/li><li>a tutte le persone fisiche e giuridiche nei casi in cui la comunicazione risulti necessaria per le finalit\u00e0 primarie del trattamento.<\/li><\/ul><p>Detti soggetti tratteranno i dati nella loro qualit\u00e0 di\u00a0<strong>titolari autonomi del trattamento.<\/strong><\/p><p><u>Esclusione della necessit\u00e0 di acquisire il consenso al trattamento dei dati personali.<\/u><\/p><p>In tutti i casi sopra illustrati (per le ipotesi di comunicazione a terzi) il Titolare non ha l\u2019obbligo di acquisire lo specifico consenso al trattamento dei dati in quanto tutti i trattamenti sopra illustrati perseguono finalit\u00e0 primarie per le quali l\u2019articolo 24 del Codice della privacy e l\u2019art. 6, comma 1, lettere b), c) e) ed f) del Regolamento escludono la necessit\u00e0 di acquisire un consenso specifico, sia perch\u00e9 il trattamento \u00e8 necessario per adempiere ad un obbligo previsto dalla legge da un regolamento o dalla normativa comunitaria, oppure perch\u00e9 il trattamento \u00e8 necessario per eseguire obblighi derivanti dal rapporto contrattuale del quale \u00e8 parte l\u2019Interessato o per adempiere, prima della conclusione del contratto, a specifiche richieste dell\u2019Interessato medesimo. Laddove l\u2019Interessato non intendesse conferire comunque i dati personali richiesti e necessari in base a quanto precede, la conseguenza sarebbe l\u2019impossibilit\u00e0 per il Titolare di adempiere alle obbligazioni e di eseguire il contratto.<\/p><ol start=\"4\"><li><strong>Finalit\u00e0 promozionali, pubblicitarie e di marketing<\/strong><\/li><\/ol><p>I dati personali raccolti nell\u2019ambito della sottoscrizione del contratto o dei precedenti rapporti che hanno portato alla formalizzazione dello stesso potranno essere, altres\u00ec, trattati dal Titolare, sia in modalit\u00e0 cartacea (es: compilazione di moduli, coupon e similari cartacei successiva utilizzazione in via elettronica) che con modalit\u00e0 automatizzata\/informatica, per finalit\u00e0 di promozione commerciale, comunicazione pubblicitaria, sollecitazione a comportamenti di acquisto, ricerche di mercato, sondaggi (anche telefonici, on-line o mediante formulari), elaborazioni statistiche (in forma identificativa), altre ricerche campionarie di marketing in senso lato (incluse le manifestazioni a premio, giochi e concorsi), di seguito complessivamente definito come \u201cTrattamento per Finalit\u00e0 di Marketing\u201d.<\/p><p>Mediante il conferimento del consenso al Trattamento per Finalit\u00e0 di Marketing l\u2019Interessato prende specificatamente atto di tali finalit\u00e0 promozionali, commerciali e di marketing in senso lato del trattamento (incluse le attivit\u00e0 gestionali e amministrative conseguenti) ed autorizza espressamente il Titolare a procedere a tale trattamento sia ai sensi dell\u2019articolo 23 del Codice della Privacy (ove i mezzi impiegati per il Trattamento per Finalit\u00e0 di Marketing siano il telefono con operatore o altri mezzi non elettronici, non telematici o non supportati da meccanismi e\/o procedure automatiche, elettroniche o telematiche), che ai sensi dell\u2019art. 130 del Codice della Privacy (ove i mezzi impiegati per il Trattamento per Finalit\u00e0 di Marketing siano la posta elettronica, il fax, gli sms, gli mms, sistemi automatici senza intervento di operatore e similari, incluse piattaforme elettroniche e altri mezzi telematici), che \u2013 infine \u2013 ai sensi dell\u2019art. 6, comma 1, lettera (a) del Regolamento.<\/p><p>Ai sensi del Provvedimento Generale del Garante per la privacy del 15 Maggio 2013 intitolato \u201cConsenso al trattamento dei dati personali per finalit\u00e0 di \u201cmarketing diretto\u201d attraverso strumenti tradizionali e automatizzati di contatto\u201d, si richiama specificatamente l\u2019attenzione dell\u2019Interessato sul fatto che:<\/p><ol><li>il consenso eventualmente prestato per l\u2019invio di comunicazioni commerciali e promozionali, sulla base dell\u2019art. 130, commi 1 e 2, del Codice (cio\u00e8 mediante l\u2019impiego di posta elettronica, fax, sms, mms, sistemi automatici senza intervento di operatore e similari, incluse piattaforme elettroniche e altri mezzi telematici) implicher\u00e0 la ricezione di tali comunicazioni, non solo attraverso dette modalit\u00e0 automatizzate di contatto, ma anche attraverso modalit\u00e0 tradizionali, come la posta cartacea o le chiamate tramite operatore;<\/li><li>il diritto di opposizione dell\u2019Interessato al trattamento dei propri dati personali per finalit\u00e0 di \u201cmarketing diretto\u201d attraverso le sopra citate modalit\u00e0 automatizzate di contatto, si estender\u00e0 in ogni caso a quelle tradizionali e, anche in tal caso, resta salva la possibilit\u00e0 di esercitare tale diritto in parte, cos\u00ec come previsto dall\u2019art. 7, comma 4, del Codice, sia rispetto a determinati mezzi che rispetto a determinati trattamenti;<\/li><li>resta ferma la possibilit\u00e0 per l\u2019Interessato che non intenda prestare il consenso nei termini sopra indicati, di manifestare l\u2019eventuale volont\u00e0 di ricevere comunicazioni per le suddette Finalit\u00e0 di Marketing esclusivamente attraverso modalit\u00e0 tradizionali di contatto, ove previste: tale volont\u00e0 potr\u00e0 essere esercitata gratuitamente inviando una semplice email all\u2019indirizzo di posta elettronica:\u00a0<a href=\"mailto:info@lenzokart.com\">info@lenzokart.com<\/a>\u00a0<\/li><\/ol><p>Ai fini del principio di adempimento degli obblighi privacy per il titolare nel rispetto dei principi di semplificazione dei medesimi adempimenti (art. 2 del Codice) ed ai sensi del citato Provvedimento Generale del Garante per la Privacy del 15 Maggio 2013, il Titolare informa l\u2019Interessato che la formula di consenso specifica a disposizione in base alle procedura di raccolta del consenso di volta in volta prevista sar\u00e0 unitaria e complessiva e far\u00e0 riferimento a tutti i possibili mezzi del trattamento marketing, ex articoli 23 e 130 del Codice, ferma restando la possibilit\u00e0 per l\u2019Interessato di notificare via email all\u2019indirizzo di posta elettronica:\u00a0<a href=\"mailto:info@lenzokart.com\">info@lenzokart.com<\/a>\u00a0, una diversa volont\u00e0 quanto all\u2019impiego di taluni mezzi e non di altri per la ricezione, previo consenso, delle comunicazioni marketing. Inoltre, sempre ai fini del principio di adempimento degli obblighi privacy per il Titolare nel rispetto dei principi di semplificazione dei medesimi adempimenti (art. 2 del Codice), il Titolare informa l\u2019Interessato che la formula di consenso specifica sar\u00e0 unitaria e complessiva e far\u00e0 altres\u00ec riferimento a tutte le diverse e possibili finalit\u00e0 marketing qui esplicitate (senza cio\u00e8 moltiplicare le formule di consenso per ciascuna distinta finalit\u00e0 di marketing perseguita dal titolare), ferma restando la possibilit\u00e0 per l\u2019Interessato di notificare via email all\u2019indirizzo di posta elettronica: privacy@greenvalleysrl.it una diversa volont\u00e0 selettiva quanto al consenso o al diniego del consenso per singole finalit\u00e0 di marketing.<\/p><p>Per procedere al Trattamento per Finalit\u00e0 di Marketing \u00e8 obbligatorio acquisire un consenso specifico, espresso, documentato, preventivo e del tutto facoltativo.<\/p><p>Conseguentemente, laddove l\u2019Interessato decida di prestare lo specifico consenso, deve essere preventivamente informato e consapevole che le finalit\u00e0 del trattamento perseguite sono di specifica natura commerciale, pubblicitaria, promozionale e di marketing in senso lato. In un\u2019ottica di assoluta trasparenza, il Titolare informa l\u2019Interessato che i dati saranno raccolti e successivamente trattati in base a specifica prestazione di consenso:<\/p><ol><li>per inviare materiale pubblicitario ed informativo (es. Newsletters), a carattere promozionale o comunque a carattere di sollecitazione commerciale, ai sensi dell\u2019articolo 23 e 130 del Codice della privacy;<\/li><li>per compiere attivit\u00e0 dirette di vendita o di collocamento di prodotti o servizi del Titolare;<\/li><li>per inviare informazioni commerciali; effettuare comunicazioni commerciali interattive anche ai sensi dell\u2019articolo 58 del Decreto legislativo 206\/2005 attraverso l\u2019impiego della email;<\/li><li>per elaborare studi, ricerche, statistiche di mercato;<\/li><li>per inviare comunicazioni commerciali non sollecitate ai sensi dell\u2019articolo 9 del Decreto Legislativo 9 aprile 2003 n. 70 di recepimento della c.d. Direttiva sul Commercio Elettronico 2000\/31\/CEE, che prevede che le comunicazioni commerciali non sollecitate debbano essere immediatamente ed inequivocabilmente identificabili come tali e contenere l\u2019indicazione che il destinatario dei messaggi pu\u00f2 opporsi al ricevimento in futuro di tali comunicazioni.<\/li><\/ol><p>Prestando dunque il consenso opzionale, l\u2019Interessato prende specificatamente atto ed autorizza tali ulteriori, possibili trattamenti secondari.<\/p><p>In ogni caso, anche laddove l\u2019Interessato abbia prestato il consenso per autorizzare il Titolare a perseguire tutte le finalit\u00e0 menzionate ai punti da 1 a 5 sopra riportati, rester\u00e0 comunque libero in ogni momento di revocarlo, inviando senza formalit\u00e0 alcuna una chiara comunicazione in tal senso all\u2019indirizzo email di posta elettronica:\u00a0<a href=\"mailto:info@lenzokart.com\">info@lenzokart.com<\/a>\u00a0. \u00a0<\/p><p>A seguito della ricezione di tale richiesta di opt-out, il Titolare proceder\u00e0 tempestivamente alla rimozione e cancellazione dei dati dai database utilizzati per il Trattamento per Finalit\u00e0 di Marketing e ad informare per le medesime finalit\u00e0 di cancellazione eventuali terzi cui i dati siano stati comunicati. La semplice ricezione della richiesta di cancellazione varr\u00e0 automaticamente quale conferma di avvenuta cancellazione.<\/p><p>Si informa specificatamente e separatamente, come richiesto dall\u2019art. 21 del Regolamento che qualora i dati personali siano trattati per finalit\u00e0 di marketing diretto, l\u2019Interessato ha il diritto di opporsi in qualsiasi momento al trattamento dei dati personali che la riguardano effettuato per tali finalit\u00e0 e che qualora l\u2019interessato si opponga al trattamento per finalit\u00e0 di marketing diretto, i dati personali non potranno pi\u00f9 essere oggetto di trattamento per tali finalit\u00e0.\u00a0<\/p><ol start=\"5\"><li><strong>Trattamenti dei dati per finalit\u00e0 di profilazione commerciale<\/strong><\/li><\/ol><p>E\u2019 possibile che per finalit\u00e0 di marketing e di miglioramento dei servizi il Titolare proceda a trattamenti dei dati cosiddetti di \u201cprofilazione\u201d per valutare determinati aspetti o per analizzare o prevedere aspetti riguardanti la situazione economica, le preferenze, gli interessi, l\u2019affidabilit\u00e0, etc.<\/p><p>L\u2019attivit\u00e0 di profilazione pu\u00f2 concernere dati personali \u201cindividuali\u201d o dati personali \u201caggregati\u201d derivanti da dati personali individuali dettagliati.<\/p><p>5.1 Consenso al trattamento.<\/p><p>Per procedere ad un Trattamento di profilazione \u00e8 obbligatorio acquisire un consenso specifico, separato espresso, documentato, preventivo e del tutto facoltativo.<\/p><p>Conseguentemente, laddove l\u2019Interessato decida di prestare lo specifico consenso, deve essere preventivamente informato e consapevole che le finalit\u00e0 del trattamento perseguite sono di specifica natura commerciale, pubblicitaria, promozionale e di marketing in senso lato basato su un trattamento di profilazione.<\/p><p>Il conferimento dei dati personali al Titolare e la prestazione sia del consenso al trattamento di profilazione che del distinto consenso alla comunicazione a terzi per il trattamento di profilazione sono assolutamente facoltativi ed opzionali (e comunque revocabili senza formalit\u00e0 anche successivamente alla prestazione) e il mancato conferimento non determiner\u00e0 conseguenze diverse dall\u2019impossibilit\u00e0 per il Titolare e per qualsiasi terzo di procedere ai soli trattamenti menzionati.<\/p><ol start=\"6\"><li><strong>Modalit\u00e0, tempi di conservazione dei dati personali e altre informazioni<\/strong><\/li><\/ol><p>I dati personali saranno trattati in forma prevalentemente automatizzata, con logiche strettamente correlate alle predette finalit\u00e0 dal personale e dai collaboratori interni del titolare, dai soggetti esterni espressamente nominati come responsabili dei trattamenti.<\/p><p>Al di fuori di queste ipotesi i dati non saranno comunicati a terzi n\u00e9 diffusi se non nei casi espressamente previsti dal diritto nazionale o dell\u2019Unione Europea.<\/p><p>I dati verranno trattati per tutta la durata dei rapporti contrattuali instaurati ed anche successivamente per il tempo in cui il Titolare sia soggetto ad obblighi di conservazione per finalit\u00e0 giuridiche fiscali e per altre finalit\u00e0, previsti da norme di legge e\/o regolamentari.<\/p><p>Con riferimento invece ai dati personali oggetto di Trattamento per Finalit\u00e0 di Marketing o di trattamento per finalit\u00e0 di profilazione gli stessi saranno conservati nel rispetto del principio di proporzionalit\u00e0 e comunque fino a che non siano state perseguite le finalit\u00e0 del trattamento o fino a che \u2013 se precedentemente \u2013 non intervenga la revoca del consenso specifico da parte dell\u2019Interessato.<\/p><ol start=\"7\"><li><strong>Titolare, responsabili e incaricati del trattamento<\/strong><\/li><\/ol><p>Titolare del trattamento dei dati \u00e8 la Lenzokart<strong>\u00a0Srl<\/strong>, Via Ferrara snc 98061 Brolo (Me), P.iva 02085560833 Email:\u00a0<a href=\"mailto:info@lenzokart.com\">info@lenzokart.com<\/a>\u00a0 .<\/p><p>L\u2019elenco aggiornato dei Responsabili e degli Incaricati del trattamento \u00e8 disponibile presso la sede legale del Titolare del trattamento ed \u00e8 consultabile facendo richiesta informale, anche via email al seguente indirizzo di posta elettronica:\u00a0<a href=\"mailto:info@lenzokart.com\">info@lenzokart.com<\/a>\u00a0<\/p><ol start=\"8\"><li><strong>Diritti dell\u2019interessato<\/strong><\/li><\/ol><p>Ai sensi dell\u2019articolo 7 del Codice della privacy e ai sensi degli articoli 13, comma 2, lettere (b) e (d), 15, 18, 19 e 21 del Regolamento, si informa l\u2019Interessato ha i seguenti diritti:<\/p><ol><li>a) ha il diritto di chiedere alla Lenzokart srl quale titolare del trattamento l\u2019accesso ai dati personali, la rettifica o la cancellazione degli stessi o la limitazione del trattamento che lo riguardano o di opporsi al loro trattamento, nei casi previsti;<\/li><li>b) ha il diritto di proporre in qualit\u00e0 di Interessato un reclamo al Garante per la protezione dei dati personali, seguendo le procedure e le indicazioni pubblicate sul sito web ufficiale dell\u2019Autorit\u00e0 su www.garanteprivacy.it;<\/li><li>c) le eventuali rettifiche o cancellazioni o limitazioni del trattamento effettuate su richiesta dell\u2019Interessato \u2013 salvo che ci\u00f2 si riveli impossibile o implichi uno sforzo sproporzionato \u2013 saranno comunicate dal Titolare a ciascuno dei destinatari cui sono stati trasmessi i dati personali. Il Titolare potr\u00e0 comunicare all\u2019Interessato tali destinatari qualora l\u2019interessato lo richieda.<\/li><\/ol><p>In particolare, l\u2019interessato potr\u00e0:<\/p><p>1\u00b0) ottenere la conferma dell\u2019esistenza o meno di dati personali che lo riguardano, anche se non ancora registrati, e la loro comunicazione in forma intelligibile;<\/p><p>2\u00b0) ottenere l\u2019indicazione:<\/p><ol><li>a) dell\u2019origine dei dati personali;<\/li><li>b) delle finalit\u00e0 e modalit\u00e0 del trattamento;<\/li><li>c) della logica applicata in caso di trattamento effettuato con l\u2019ausilio di strumenti elettronici;<\/li><li>d) degli estremi identificativi del titolare, dei responsabili e del rappresentante designato ai sensi dell\u2019art. 5, comma 2 Codice Privacy e art. 3, comma 1, GDPR;<\/li><li>e) dei soggetti o delle categorie di soggetti ai quali i dati personali possono essere comunicati o che possono venirne a conoscenza in qualit\u00e0 di rappresentante designato nel territorio dello Stato, di responsabili o incaricati.<\/li><li><strong>Modalit\u00e0 di esercizio dei diritti da parte dell\u2019interessato<\/strong><\/li><\/ol><p>L\u2019esercizio dei diritti non \u00e8 soggetto ad alcun vincolo di forma ed \u00e8 gratuito.<\/p><p>L\u2019indirizzo per l\u2019esercizio dei diritti \u00e8:\u00a0<a href=\"mailto:info@lenzokart.com\">info@lenzokart.com<\/a>\u00a0<\/p><p>Alternativamente l\u2019Interessato potr\u00e0, in qualsiasi momento, esercitare i diritti inviando una raccomandata a.r. al seguente indirizzo: Lenzokart Srl,Via Ferrara \u00a0snc, 98061 Brolo (Me).<\/p>\t\t\t\t\t\t\t\t<\/div>\n\t\t\t\t<\/div>\n\t\t\t\t\t<\/div>\n\t\t\t\t<\/div>\n\t\t\t\t<\/div>","protected":false},"excerpt":{"rendered":"<p>Privacy Policy Informativa ai sensi dell\u2019articolo 13 del Reg. 2016\/679\/UE in materia di trattamento dei dati personali (c.d. \u201cGDPR\u201d) La seguente informativa riguarda il trattamento dei dati da parte della Lenzokart srl sui siti https:\/\/lkengines.com\/ altri siti web e servizi di propriet\u00e0. Trattamento\u00a0dei\u00a0dati\u00a0personali Per \u201ctrattamento di dati personali\u201d si intende qualsiasi operazione o insieme di [&hellip;]<\/p>\n","protected":false},"author":1,"featured_media":0,"parent":0,"menu_order":0,"comment_status":"closed","ping_status":"closed","template":"","meta":{"footnotes":""},"class_list":["post-3255","page","type-page","status-publish","hentry"],"_links":{"self":[{"href":"https:\/\/lkengines.com\/en\/wp-json\/wp\/v2\/pages\/3255","targetHints":{"allow":["GET"]}}],"collection":[{"href":"https:\/\/lkengines.com\/en\/wp-json\/wp\/v2\/pages"}],"about":[{"href":"https:\/\/lkengines.com\/en\/wp-json\/wp\/v2\/types\/page"}],"author":[{"embeddable":true,"href":"https:\/\/lkengines.com\/en\/wp-json\/wp\/v2\/users\/1"}],"replies":[{"embeddable":true,"href":"https:\/\/lkengines.com\/en\/wp-json\/wp\/v2\/comments?post=3255"}],"version-history":[{"count":4,"href":"https:\/\/lkengines.com\/en\/wp-json\/wp\/v2\/pages\/3255\/revisions"}],"predecessor-version":[{"id":3261,"href":"https:\/\/lkengines.com\/en\/wp-json\/wp\/v2\/pages\/3255\/revisions\/3261"}],"wp:attachment":[{"href":"https:\/\/lkengines.com\/en\/wp-json\/wp\/v2\/media?parent=3255"}],"curies":[{"name":"wp","href":"https:\/\/api.w.org\/{rel}","templated":true}]}}