{"id":3247,"date":"2023-09-26T12:37:15","date_gmt":"2023-09-26T10:37:15","guid":{"rendered":"https:\/\/lkengines.com\/?page_id=3247"},"modified":"2023-09-26T12:39:00","modified_gmt":"2023-09-26T10:39:00","slug":"cookie-policy","status":"publish","type":"page","link":"https:\/\/lkengines.com\/en\/cookie-policy\/","title":{"rendered":"Cookie Policy"},"content":{"rendered":"<div data-elementor-type=\"wp-page\" data-elementor-id=\"3247\" class=\"elementor elementor-3247\">\n\t\t\t\t<div class=\"elementor-element elementor-element-9b0e923 e-flex e-con-boxed e-con e-parent\" data-id=\"9b0e923\" data-element_type=\"container\" data-e-type=\"container\">\r\n\t\t\t\t\t<div class=\"e-con-inner\">\r\n\t\t\t\t<div class=\"elementor-element elementor-element-5d634a2 elementor-widget elementor-widget-text-editor\" data-id=\"5d634a2\" data-element_type=\"widget\" data-e-type=\"widget\" data-widget_type=\"text-editor.default\">\n\t\t\t\t<div class=\"elementor-widget-container\">\n\t\t\t\t\t\t\t\t\t<p><strong>Cookie policy<\/strong><\/p><p>I cookies sono stringhe di testo di piccole dimensioni che i siti visitati dall\u2019utente inviano al browser del suo stesso terminale, dove vengono memorizzati per essere poi ritrasmessi agli stessi siti alla successiva visita del medesimo utente. Nel corso della navigazione su un sito, l\u2019utente pu\u00f2 ricevere sul suo terminale anche cookies che vengono inviati da siti o da web server diversi (c.d. \u201ccookies di terze parti\u201d), sui quali possono risiedere alcuni elementi presenti sul sito che lo stesso sta visitando. Il Regolamento Europeo 679\/2016, prevede la protezione delle persone fisiche con riguardo al trattamento dei dati personali, considerando come tali tutte le informazioni che possono essere utilizzate per identificare un individuo, tra le quali anche le informazioni generate da cookie.<\/p><p>Il sito Internet <a href=\"https:\/\/lkengines.com\/en\/\">https:\/\/lkengines.com\/<\/a>\u00a0utilizza i cookies per i seguenti scopi:<\/p><p><strong>I cookies tecnici:<\/strong>\u00a0sono quelli utilizzati al solo fine di \u201ceffettuare la trasmissione di una comunicazione su una rete di comunicazione elettronica, o nella misura strettamente necessaria al fornitore di un servizio della societ\u00e0 dell\u2019informazione esplicitamente richiesto dall\u2019abbonato o dall\u2019utente a erogare tale servizio\u201d (cfr. art. 122, comma 1, del Codice).<\/p><p>Essi non vengono utilizzati per scopi ulteriori e sono normalmente installati direttamente dal titolare o gestore del sito web. I cookie tecnici raccolti e trattati sul Sito possono essere suddivisi in:\u00a0<u>cookies di navigazione o di sessione<\/u>, che garantiscono la normale navigazione e fruizione del sito web (permettendo, ad esempio, di realizzare un acquisto o autenticarsi per accedere ad aree riservate);\u00a0<u>cookies di funzionalit\u00e0<\/u>, che permettono all\u2019utente la navigazione in funzione di una serie di criteri selezionati (ad esempio, la lingua, i prodotti selezionati per l\u2019acquisto) al fine di migliorare il servizio reso allo stesso.<\/p><p><u>Per l\u2019installazione di tali cookies non \u00e8 richiesto il preventivo consenso degli utenti<\/u><\/p><ul><li><strong>cookies di profilazione:\u00a0<\/strong>sono volti a creare profili relativi all\u2019utente e vengono utilizzati al fine di inviare messaggi pubblicitari in linea con le preferenze manifestate dallo stesso nell\u2019ambito della navigazione in rete. L\u2019utilizzo di tali cookie richiede l\u2019acquisizione del consenso dell\u2019utente in conformit\u00e0 alle leggi sulla privacy e sulla protezione dei dati. Il consenso viene acquisito attraverso un banner visibile agli utenti alla prima visita sul sito web. Tale consenso pu\u00f2 essere revocato in qualsiasi momento selezionando la casella di controllo. Il rifiuto di acconsentire all\u2019utilizzo dei cookie di profilazione non interferisce sulla possibilit\u00e0 di accedere al sito, ad eccezione dell\u2019impossibilit\u00e0 di accedere a tali funzioni o funzioni che utilizzano tali cookie.<\/li><\/ul><p><u>Il Sito Web non raccoglie direttamente questa tipologia di cookies<\/u><\/p><ul><li><strong>cookies di terze parti:\u00a0<\/strong>questi cookies permettono di creare un profilo anonimo degli utenti sulla base della loro esperienza di navigazione su questo e tutti gli altri siti. In questo modo \u00e8 possibile fornirti pubblicit\u00e0 mirata sui tuoi interessi invece di pubblicit\u00e0 generica. Questi cookies non sono gestiti dalla nostra Piattaforma e vanno sotto il nome di cookies di terze parti.<\/li><\/ul><p>Il Sito utilizza anche cookies di plug-in di social network di diverse terze parti. Questi plug-in ottimizzano inoltre la semplicit\u00e0 di utilizzo del Sito. L\u2019utilizzo dei dati raccolti da terze parti mediante i plug-in dei social network viene determinato esclusivamente dalle terze parti in questione. La Societ\u00e0 non \u00e8 in grado di accedere a tali cookie, cos\u00ec come le terze parti non possono accedere ai cookie della Societ\u00e0<\/p><p>Potete prendere visione della policy privacy delle terze parti (anche nelle ipotesi di cookies raccolti tramite plug-in di social network) ai seguenti link:<\/p><ul><li>Facebook:\u00a0<a href=\"https:\/\/www.facebook.com\/help\/cookies\/\">https:\/\/www.facebook.com\/help\/cookies\/<\/a><\/li><li>Instagram:\u00a0<a href=\"https:\/\/instagram.com\/legal\/cookies\/\">https:\/\/instagram.com\/legal\/cookies\/<\/a><\/li><\/ul><p>Il Sito raccoglie cookies di terze parti anche con finalit\u00e0 statistiche, in particolare attraverso Google Analytics, che \u00e8 un servizio di analisi web fornito da Google. Google utilizza i Dati raccolti allo scopo di tracciare ed esaminare l\u2019utilizzo di questo Sito, compilare report e condividerli con gli altri servizi sviluppati da Google.<\/p><p>Potete prendere visione della policy privacy di Google Analytics al seguente link:\u00a0<a href=\"http:\/\/www.google.com\/intl\/it_ALL\/analytics\/learn\/privacy.html\">http:\/\/www.google.com\/intl\/it_ALL\/analytics\/learn\/privacy.html<\/a><\/p><p><strong>Quali cookie usiamo?<\/strong><\/p><p>Per assicurare un funzionamento pi\u00f9 efficace della nostra piattaforma potremmo utilizzare: i) cookie tecnici e analitici di prima parte; ii) cookie analitici di terza parte; iii) cookie di profilazione di terza parte.<\/p><p>In particolare, potremmo utilizzare i cookie relativi ai seguenti servizi\/piattaforme:<\/p><ul><li>Facebook;<\/li><li>Google Adwords;<\/li><li>Google Search Console<\/li><\/ul><p><strong>Opzioni in merito all\u2019uso dei cookies<\/strong><\/p><p>Puoi fare in modo che il tuo PC ti avverta ogni volta che un cookie viene inviato, ovvero puoi scegliere che tutti i cookies vengano disattivati. Puoi fare ci\u00f2 attraverso le impostazioni del tuo browser. Poich\u00e9 ciascun browser ha delle funzioni leggermente diverse, controlla sul menu di \u201caiuto\u201d del tuo browser per capire come modificare correttamente le impostazioni relative ai cookie.<\/p><p>Puoi quindi modificare le impostazioni del browser in modo che i cookies siano cancellati o non vengano salvati nel computer o dispositivo mobile senza il tuo consenso esplicito.<\/p><p>Le procedure per la gestione dei cookie variano a seconda del browser: la sezione \u201cAiuto\u201d della barra degli strumenti presente nella maggior parte dei browser illustra come evitare di ricevere cookie, web beacon e altre tecnologie di tracciamento, come ottenere notifica dal browser dell\u2019attivazione di tali tecnologie o come disabilitarle completamente. A titolo meramente esemplificativo, puoi trovare maggiori informazioni ai seguenti link (tieni presente che i collegamenti potrebbero cambiare nel tempo):<\/p><ul><li>Internet Explorer:\u00a0<a href=\"http:\/\/support.microsoft.com\/gp\/cookies\/en\">http:\/\/support.microsoft.com\/gp\/cookies\/en<\/a><\/li><li>Mozilla Firefox:\u00a0<a href=\"http:\/\/support.mozilla.com\/en-US\/kb\/Cookies\">http:\/\/support.mozilla.com\/en-US\/kb\/Cookies<\/a><\/li><li>GoogleChrome:\u00a0<a href=\"http:\/\/www.google.com\/support\/chrome\/bin\/answer.py?hl=en&amp;answer=95647\">http:\/\/www.google.com\/support\/chrome\/bin\/answer.py?hl=en&amp;answer=95647<\/a><\/li><li>Safari:\u00a0<a href=\"http:\/\/support.apple.com\/kb\/PH504\">http:\/\/support.apple.com\/kb\/PH504<\/a><\/li><li>Opera:\u00a0<a href=\"http:\/\/www.opera.com\/browser\/tutorials\/security\/privacy\/\">http:\/\/www.opera.com\/browser\/tutorials\/security\/privacy\/<\/a><\/li><\/ul><p>Devi essere sapere che se disattivi i cookies, non avrai accesso a molte caratteristiche che rendono questo Sito pi\u00f9 efficiente e alcuni dei nostri servizi non funzioneranno in modo corretto.<\/p><p>Tieni presente che cambiare le impostazioni avr\u00e0 impatto solo su quel particolare browser e PC. L\u2019operazione viene ripetuta su ogni browser e dispositivo su cui si desidera modificare le impostazioni.<\/p><p><strong>Ambito di comunicazione e diritti degli interessati.<\/strong><\/p><p>I cookies utilizzati dal presente Sito non sono comunicati a soggetti terzi, tuttavia possono essere trattati dal soggetto che provvede alla manutenzione tecnica che \u00e8 autorizzato a utilizzarli solo a tale fine in qualit\u00e0 di incaricato del trattamento da parte del Titolare.<\/p><p>In qualit\u00e0 di interessato, godrai dei diritti di cui all\u2019art. 15 del GDPR, e pi\u00f9 precisamente del diritto ad ottenere la conferma dell\u2019esistenza di dati personali che ti riguardano, anche se non ancora registrati, e la loro comunicazione in forma intelligibile; diritto ad ottenere l\u2019indicazione delle finalit\u00e0 e modalit\u00e0 del trattamento; diritto ad ottenere l\u2019indicazione delle categorie di dati personali in questione; diritto ad ottenere l\u2019indicazione dei soggetti o delle categorie di soggetti ai quali i dati personali possono essere comunicati o che possono venirne a conoscenza; diritto ad ottenere l\u2019indicazione del periodo di conservazione, quando possibile; diritto ad essere messo a conoscenza del diritto di rettifica o della cancellazione dei dati personali o della limitazione del trattamento; diritto a proporre reclamo; diritto a conoscere l\u2019origine dei dati, qualora non siano stati raccolti presso l\u2019interessato; diritto a conoscere l\u2019esistenza di un processo automatizzato di raccolta; diritto ed essere informato dell\u2019esistenza di garanzie adeguate ai sensi dell\u2019art. 46 del GDPR nel caso in cui i dati vengano trasferiti ad un paese terzo o ad una organizzazione internazionale;<\/p><p>Al fine di fare valere i propri diritti \u00e8 possibile inviare una comunicazione scritta all\u2019 indirizzo e-mail: <a href=\"mailto:info@lenzokart.com\">info@lenzokart.com<\/a><\/p><p><strong>Titolare del Trattamento<\/strong><\/p><p>Il titolare del trattamento dei dati \u00e8:\u00a0<\/p><p>Lenzokart S.R.L.<br \/>Via Ferrara snc<br \/>98061 Brolo (ME)<\/p>\t\t\t\t\t\t\t\t<\/div>\n\t\t\t\t<\/div>\n\t\t\t\t\t<\/div>\n\t\t\t\t<\/div>\n\t\t\t\t<\/div>","protected":false},"excerpt":{"rendered":"<p>Cookie policy I cookies sono stringhe di testo di piccole dimensioni che i siti visitati dall\u2019utente inviano al browser del suo stesso terminale, dove vengono memorizzati per essere poi ritrasmessi agli stessi siti alla successiva visita del medesimo utente. Nel corso della navigazione su un sito, l\u2019utente pu\u00f2 ricevere sul suo terminale anche cookies che [&hellip;]<\/p>\n","protected":false},"author":1,"featured_media":0,"parent":0,"menu_order":0,"comment_status":"closed","ping_status":"closed","template":"","meta":{"footnotes":""},"class_list":["post-3247","page","type-page","status-publish","hentry"],"_links":{"self":[{"href":"https:\/\/lkengines.com\/en\/wp-json\/wp\/v2\/pages\/3247","targetHints":{"allow":["GET"]}}],"collection":[{"href":"https:\/\/lkengines.com\/en\/wp-json\/wp\/v2\/pages"}],"about":[{"href":"https:\/\/lkengines.com\/en\/wp-json\/wp\/v2\/types\/page"}],"author":[{"embeddable":true,"href":"https:\/\/lkengines.com\/en\/wp-json\/wp\/v2\/users\/1"}],"replies":[{"embeddable":true,"href":"https:\/\/lkengines.com\/en\/wp-json\/wp\/v2\/comments?post=3247"}],"version-history":[{"count":7,"href":"https:\/\/lkengines.com\/en\/wp-json\/wp\/v2\/pages\/3247\/revisions"}],"predecessor-version":[{"id":3254,"href":"https:\/\/lkengines.com\/en\/wp-json\/wp\/v2\/pages\/3247\/revisions\/3254"}],"wp:attachment":[{"href":"https:\/\/lkengines.com\/en\/wp-json\/wp\/v2\/media?parent=3247"}],"curies":[{"name":"wp","href":"https:\/\/api.w.org\/{rel}","templated":true}]}}